{"id":247,"date":"2022-04-13T23:51:05","date_gmt":"2022-04-13T21:51:05","guid":{"rendered":"http:\/\/bcs-conseils.com\/?page_id=247"},"modified":"2024-02-07T09:43:27","modified_gmt":"2024-02-07T08:43:27","slug":"indicateurs-de-satisfaction-participants","status":"publish","type":"page","link":"http:\/\/bcs-conseils.com\/index.php\/indicateurs-de-satisfaction-participants\/","title":{"rendered":"Indicateurs de satisfaction participants"},"content":{"rendered":"\n<p>Bas\u00e9s sur les r\u00e9sultats de 2022. Les r\u00e9sultats de 2023 seront mis \u00e0 jour prochainement.<\/p>\n\n\n\n<figure class=\"wp-block-image size-large\"><img loading=\"lazy\" decoding=\"async\" width=\"910\" height=\"648\" src=\"http:\/\/bcs-conseils.com\/wp-content\/uploads\/2022\/04\/1.jpg\" alt=\"\" class=\"wp-image-248\" srcset=\"http:\/\/bcs-conseils.com\/wp-content\/uploads\/2022\/04\/1.jpg 910w, http:\/\/bcs-conseils.com\/wp-content\/uploads\/2022\/04\/1-300x214.jpg 300w, http:\/\/bcs-conseils.com\/wp-content\/uploads\/2022\/04\/1-768x547.jpg 768w, http:\/\/bcs-conseils.com\/wp-content\/uploads\/2022\/04\/1-421x300.jpg 421w\" sizes=\"(max-width: 910px) 100vw, 910px\" \/><\/figure>\n\n\n\n<figure class=\"wp-block-image size-large\"><img loading=\"lazy\" decoding=\"async\" width=\"892\" height=\"642\" src=\"http:\/\/bcs-conseils.com\/wp-content\/uploads\/2022\/04\/2.jpg\" alt=\"\" class=\"wp-image-249\" srcset=\"http:\/\/bcs-conseils.com\/wp-content\/uploads\/2022\/04\/2.jpg 892w, http:\/\/bcs-conseils.com\/wp-content\/uploads\/2022\/04\/2-300x216.jpg 300w, http:\/\/bcs-conseils.com\/wp-content\/uploads\/2022\/04\/2-768x553.jpg 768w, http:\/\/bcs-conseils.com\/wp-content\/uploads\/2022\/04\/2-417x300.jpg 417w\" sizes=\"(max-width: 892px) 100vw, 892px\" \/><\/figure>\n\n\n\n<figure class=\"wp-block-image size-large\"><img loading=\"lazy\" decoding=\"async\" width=\"906\" height=\"613\" src=\"http:\/\/bcs-conseils.com\/wp-content\/uploads\/2022\/04\/3.jpg\" alt=\"\" class=\"wp-image-250\" srcset=\"http:\/\/bcs-conseils.com\/wp-content\/uploads\/2022\/04\/3.jpg 906w, http:\/\/bcs-conseils.com\/wp-content\/uploads\/2022\/04\/3-300x203.jpg 300w, http:\/\/bcs-conseils.com\/wp-content\/uploads\/2022\/04\/3-768x520.jpg 768w, http:\/\/bcs-conseils.com\/wp-content\/uploads\/2022\/04\/3-443x300.jpg 443w\" sizes=\"(max-width: 906px) 100vw, 906px\" \/><\/figure>\n\n\n\n<figure class=\"wp-block-image size-large\"><img loading=\"lazy\" decoding=\"async\" width=\"896\" height=\"612\" src=\"http:\/\/bcs-conseils.com\/wp-content\/uploads\/2022\/04\/4.jpg\" alt=\"\" class=\"wp-image-251\" srcset=\"http:\/\/bcs-conseils.com\/wp-content\/uploads\/2022\/04\/4.jpg 896w, http:\/\/bcs-conseils.com\/wp-content\/uploads\/2022\/04\/4-300x205.jpg 300w, http:\/\/bcs-conseils.com\/wp-content\/uploads\/2022\/04\/4-768x525.jpg 768w, http:\/\/bcs-conseils.com\/wp-content\/uploads\/2022\/04\/4-439x300.jpg 439w\" sizes=\"(max-width: 896px) 100vw, 896px\" \/><\/figure>\n\n\n\n<figure class=\"wp-block-image size-large\"><img loading=\"lazy\" decoding=\"async\" width=\"905\" height=\"640\" src=\"http:\/\/bcs-conseils.com\/wp-content\/uploads\/2022\/04\/5.jpg\" alt=\"\" class=\"wp-image-252\" srcset=\"http:\/\/bcs-conseils.com\/wp-content\/uploads\/2022\/04\/5.jpg 905w, http:\/\/bcs-conseils.com\/wp-content\/uploads\/2022\/04\/5-300x212.jpg 300w, http:\/\/bcs-conseils.com\/wp-content\/uploads\/2022\/04\/5-768x543.jpg 768w, http:\/\/bcs-conseils.com\/wp-content\/uploads\/2022\/04\/5-424x300.jpg 424w\" sizes=\"(max-width: 905px) 100vw, 905px\" \/><\/figure>\n\n\n\n<figure class=\"wp-block-image size-large is-resized\"><img loading=\"lazy\" decoding=\"async\" width=\"892\" height=\"611\" src=\"http:\/\/bcs-conseils.com\/wp-content\/uploads\/2022\/04\/6.jpg\" alt=\"\" class=\"wp-image-253\" style=\"width:840px;height:575px\" srcset=\"http:\/\/bcs-conseils.com\/wp-content\/uploads\/2022\/04\/6.jpg 892w, http:\/\/bcs-conseils.com\/wp-content\/uploads\/2022\/04\/6-300x205.jpg 300w, http:\/\/bcs-conseils.com\/wp-content\/uploads\/2022\/04\/6-768x526.jpg 768w, http:\/\/bcs-conseils.com\/wp-content\/uploads\/2022\/04\/6-438x300.jpg 438w\" sizes=\"(max-width: 892px) 100vw, 892px\" \/><\/figure>\n\n\n\n<figure class=\"wp-block-image size-large\"><img loading=\"lazy\" decoding=\"async\" width=\"890\" height=\"652\" src=\"http:\/\/bcs-conseils.com\/wp-content\/uploads\/2022\/04\/7-1.jpg\" alt=\"\" class=\"wp-image-265\" srcset=\"http:\/\/bcs-conseils.com\/wp-content\/uploads\/2022\/04\/7-1.jpg 890w, http:\/\/bcs-conseils.com\/wp-content\/uploads\/2022\/04\/7-1-300x220.jpg 300w, http:\/\/bcs-conseils.com\/wp-content\/uploads\/2022\/04\/7-1-768x563.jpg 768w, http:\/\/bcs-conseils.com\/wp-content\/uploads\/2022\/04\/7-1-410x300.jpg 410w\" sizes=\"(max-width: 890px) 100vw, 890px\" \/><\/figure>\n\n\n\n<figure class=\"wp-block-image size-large\"><img loading=\"lazy\" decoding=\"async\" width=\"900\" height=\"627\" src=\"http:\/\/bcs-conseils.com\/wp-content\/uploads\/2022\/04\/8-1.jpg\" alt=\"\" class=\"wp-image-266\" srcset=\"http:\/\/bcs-conseils.com\/wp-content\/uploads\/2022\/04\/8-1.jpg 900w, http:\/\/bcs-conseils.com\/wp-content\/uploads\/2022\/04\/8-1-300x209.jpg 300w, http:\/\/bcs-conseils.com\/wp-content\/uploads\/2022\/04\/8-1-768x535.jpg 768w, http:\/\/bcs-conseils.com\/wp-content\/uploads\/2022\/04\/8-1-431x300.jpg 431w\" sizes=\"(max-width: 900px) 100vw, 900px\" \/><\/figure>\n\n\n\n<figure class=\"wp-block-image size-large\"><img loading=\"lazy\" decoding=\"async\" width=\"897\" height=\"596\" src=\"http:\/\/bcs-conseils.com\/wp-content\/uploads\/2022\/04\/9-1.jpg\" alt=\"\" class=\"wp-image-267\" srcset=\"http:\/\/bcs-conseils.com\/wp-content\/uploads\/2022\/04\/9-1.jpg 897w, http:\/\/bcs-conseils.com\/wp-content\/uploads\/2022\/04\/9-1-300x199.jpg 300w, http:\/\/bcs-conseils.com\/wp-content\/uploads\/2022\/04\/9-1-768x510.jpg 768w, http:\/\/bcs-conseils.com\/wp-content\/uploads\/2022\/04\/9-1-452x300.jpg 452w\" sizes=\"(max-width: 897px) 100vw, 897px\" \/><\/figure>\n\n\n\n<figure class=\"wp-block-image size-large\"><img loading=\"lazy\" decoding=\"async\" width=\"892\" height=\"653\" src=\"http:\/\/bcs-conseils.com\/wp-content\/uploads\/2022\/04\/10-1.jpg\" alt=\"\" class=\"wp-image-268\" srcset=\"http:\/\/bcs-conseils.com\/wp-content\/uploads\/2022\/04\/10-1.jpg 892w, http:\/\/bcs-conseils.com\/wp-content\/uploads\/2022\/04\/10-1-300x220.jpg 300w, http:\/\/bcs-conseils.com\/wp-content\/uploads\/2022\/04\/10-1-768x562.jpg 768w, http:\/\/bcs-conseils.com\/wp-content\/uploads\/2022\/04\/10-1-410x300.jpg 410w\" sizes=\"(max-width: 892px) 100vw, 892px\" \/><\/figure>\n\n\n\n<figure class=\"wp-block-image size-large\"><img loading=\"lazy\" decoding=\"async\" width=\"897\" height=\"648\" src=\"http:\/\/bcs-conseils.com\/wp-content\/uploads\/2022\/04\/11-1.jpg\" alt=\"\" class=\"wp-image-269\" srcset=\"http:\/\/bcs-conseils.com\/wp-content\/uploads\/2022\/04\/11-1.jpg 897w, http:\/\/bcs-conseils.com\/wp-content\/uploads\/2022\/04\/11-1-300x217.jpg 300w, http:\/\/bcs-conseils.com\/wp-content\/uploads\/2022\/04\/11-1-768x555.jpg 768w, http:\/\/bcs-conseils.com\/wp-content\/uploads\/2022\/04\/11-1-415x300.jpg 415w\" sizes=\"(max-width: 897px) 100vw, 897px\" \/><\/figure>\n\n\n\n<figure class=\"wp-block-image size-large\"><img loading=\"lazy\" decoding=\"async\" width=\"903\" height=\"637\" src=\"http:\/\/bcs-conseils.com\/wp-content\/uploads\/2022\/04\/12-1.jpg\" alt=\"\" class=\"wp-image-270\" srcset=\"http:\/\/bcs-conseils.com\/wp-content\/uploads\/2022\/04\/12-1.jpg 903w, http:\/\/bcs-conseils.com\/wp-content\/uploads\/2022\/04\/12-1-300x212.jpg 300w, http:\/\/bcs-conseils.com\/wp-content\/uploads\/2022\/04\/12-1-768x542.jpg 768w, http:\/\/bcs-conseils.com\/wp-content\/uploads\/2022\/04\/12-1-425x300.jpg 425w\" sizes=\"(max-width: 903px) 100vw, 903px\" \/><\/figure>\n\n\n\n<figure class=\"wp-block-image size-large\"><img loading=\"lazy\" decoding=\"async\" width=\"897\" height=\"651\" src=\"http:\/\/bcs-conseils.com\/wp-content\/uploads\/2022\/04\/13-1.jpg\" alt=\"\" class=\"wp-image-271\" srcset=\"http:\/\/bcs-conseils.com\/wp-content\/uploads\/2022\/04\/13-1.jpg 897w, http:\/\/bcs-conseils.com\/wp-content\/uploads\/2022\/04\/13-1-300x218.jpg 300w, http:\/\/bcs-conseils.com\/wp-content\/uploads\/2022\/04\/13-1-768x557.jpg 768w, http:\/\/bcs-conseils.com\/wp-content\/uploads\/2022\/04\/13-1-413x300.jpg 413w\" sizes=\"(max-width: 897px) 100vw, 897px\" \/><\/figure>\n\n\n\n<figure class=\"wp-block-image size-large\"><img loading=\"lazy\" decoding=\"async\" width=\"900\" height=\"695\" src=\"http:\/\/bcs-conseils.com\/wp-content\/uploads\/2022\/04\/14-1.jpg\" alt=\"\" class=\"wp-image-272\" srcset=\"http:\/\/bcs-conseils.com\/wp-content\/uploads\/2022\/04\/14-1.jpg 900w, http:\/\/bcs-conseils.com\/wp-content\/uploads\/2022\/04\/14-1-300x232.jpg 300w, http:\/\/bcs-conseils.com\/wp-content\/uploads\/2022\/04\/14-1-768x593.jpg 768w, http:\/\/bcs-conseils.com\/wp-content\/uploads\/2022\/04\/14-1-388x300.jpg 388w\" sizes=\"(max-width: 900px) 100vw, 900px\" \/><\/figure>\n\n\n\n<figure class=\"wp-block-image size-large\"><img loading=\"lazy\" decoding=\"async\" width=\"895\" height=\"672\" src=\"http:\/\/bcs-conseils.com\/wp-content\/uploads\/2022\/04\/15-1.jpg\" alt=\"\" class=\"wp-image-273\" srcset=\"http:\/\/bcs-conseils.com\/wp-content\/uploads\/2022\/04\/15-1.jpg 895w, http:\/\/bcs-conseils.com\/wp-content\/uploads\/2022\/04\/15-1-300x225.jpg 300w, http:\/\/bcs-conseils.com\/wp-content\/uploads\/2022\/04\/15-1-768x577.jpg 768w, http:\/\/bcs-conseils.com\/wp-content\/uploads\/2022\/04\/15-1-400x300.jpg 400w\" sizes=\"(max-width: 895px) 100vw, 895px\" \/><\/figure>\n\n\n\n<figure class=\"wp-block-image size-large\"><img loading=\"lazy\" decoding=\"async\" width=\"902\" height=\"637\" src=\"http:\/\/bcs-conseils.com\/wp-content\/uploads\/2022\/04\/16-1.jpg\" alt=\"\" class=\"wp-image-274\" srcset=\"http:\/\/bcs-conseils.com\/wp-content\/uploads\/2022\/04\/16-1.jpg 902w, http:\/\/bcs-conseils.com\/wp-content\/uploads\/2022\/04\/16-1-300x212.jpg 300w, http:\/\/bcs-conseils.com\/wp-content\/uploads\/2022\/04\/16-1-768x542.jpg 768w, http:\/\/bcs-conseils.com\/wp-content\/uploads\/2022\/04\/16-1-425x300.jpg 425w\" sizes=\"(max-width: 902px) 100vw, 902px\" \/><\/figure>\n","protected":false},"excerpt":{"rendered":"<p>Bas\u00e9s sur les r\u00e9sultats de 2022. Les r\u00e9sultats de 2023 seront mis \u00e0 jour prochainement.<\/p>\n","protected":false},"author":1,"featured_media":0,"parent":0,"menu_order":0,"comment_status":"closed","ping_status":"closed","template":"","meta":{"footnotes":""},"_links":{"self":[{"href":"http:\/\/bcs-conseils.com\/index.php\/wp-json\/wp\/v2\/pages\/247"}],"collection":[{"href":"http:\/\/bcs-conseils.com\/index.php\/wp-json\/wp\/v2\/pages"}],"about":[{"href":"http:\/\/bcs-conseils.com\/index.php\/wp-json\/wp\/v2\/types\/page"}],"author":[{"embeddable":true,"href":"http:\/\/bcs-conseils.com\/index.php\/wp-json\/wp\/v2\/users\/1"}],"replies":[{"embeddable":true,"href":"http:\/\/bcs-conseils.com\/index.php\/wp-json\/wp\/v2\/comments?post=247"}],"version-history":[{"count":5,"href":"http:\/\/bcs-conseils.com\/index.php\/wp-json\/wp\/v2\/pages\/247\/revisions"}],"predecessor-version":[{"id":306,"href":"http:\/\/bcs-conseils.com\/index.php\/wp-json\/wp\/v2\/pages\/247\/revisions\/306"}],"wp:attachment":[{"href":"http:\/\/bcs-conseils.com\/index.php\/wp-json\/wp\/v2\/media?parent=247"}],"curies":[{"name":"wp","href":"https:\/\/api.w.org\/{rel}","templated":true}]}}