{"id":9,"date":"2017-05-04T14:43:23","date_gmt":"2017-05-04T12:43:23","guid":{"rendered":"http:\/\/bcs-conseils.com\/?page_id=9"},"modified":"2025-12-22T23:17:49","modified_gmt":"2025-12-22T22:17:49","slug":"notre-engagement","status":"publish","type":"page","link":"http:\/\/bcs-conseils.com\/","title":{"rendered":"Notre engagement"},"content":{"rendered":"<p>\u00a0 \u00a0Business Consulting Services accompagne depuis 2006, les entreprises, leurs dirigeants, leurs managers et leurs \u00e9quipes, dans l\u2019\u00e9volution de leurs missions \u00e0 travers des actions de formations.\u00a0 \u00a0 \u00a0<\/p>\n<p>Dans le cadre de l&rsquo;accompagnement au changement, nous travaillons sur les principaux vecteurs, medias:<strong> la posture, le comportemental, la communication, les soft skills !<\/strong><\/p>\n<p>Les plus grands sportifs ont tous un coach chaque jour, pour les aider a s&rsquo;am\u00e9liorer et performer !<\/p>\n<p>Nous proposons de vous aider \u00e0 COMPRENDRE ce qui cloche, \u00e0 APPRENDRE les techniques, les outils dont vous avez besoin, et \u00e0 IMPLEMENTER au quotidien ces savoirs pour vous permettre d&rsquo;atteindre vos objectifs.<\/p>\n<p>La performance d&rsquo;une entreprise passe par le bien-\u00eatre des collaborateurs, qui d\u00e9coule essentiellement de l&rsquo;\u00e9panouissement qu&rsquo;ils trouvent dans leur travail !<\/p>\n<p>Nous proposons de vous aider dans la mont\u00e9e en comp\u00e9tence des personnes, en adaptant le contenu et l\u2019approche, avec l\u2019accompagnement n\u00e9cessaire. Nous formons sur :<\/p>\n<ul>\n<li><strong>Le Management : <\/strong>la posture de leader, de manager coach au service de son \u00e9quipe et de ses membres<\/li>\n<\/ul>\n<ul>\n<li><strong>La Relation client : <\/strong>la posture de service, de satisfaction client<\/li>\n<\/ul>\n<ul>\n<li><strong>La Relation commerciale :<\/strong> la posture d&rsquo;\u00e9coute des besoins pour faire adh\u00e9rer et faire acheter la bonne solution\u00a0<\/li>\n<\/ul>\n<p>Le travail d\u2019analyse des probl\u00e9matiques de l\u2019entreprise est un pr\u00e9requis permettant de personnaliser et d\u2019adapter le contenu de nos prestations \u00e0 la culture et au quotidien des \u00e9quipes avec lesquelles nous intervenons.<\/p>\n<p>Vous trouverez sur ce site des d\u00e9tails sur notre m\u00e9thode de travail, ainsi que des exemples de nos r\u00e9alisations. Nous travaillons en partenariat avec les plus grands noms du conseil et de la formation en France qui nous permettent d\u2019intervenir aussi bien sur de tr\u00e8s grosses structures que sur des plus petites avec la m\u00eame efficacit\u00e9 et le m\u00eame engagement\u00a0!<\/p>\n<p>BCS est enregistr\u00e9 \u00e0 la Drieets d&rsquo;Ile de France. Nous avons \u00e9t\u00e9 certifi\u00e9s Qualiopi 2020. La certification qualit\u00e9 a \u00e9t\u00e9 d\u00e9livr\u00e9e au titre de la cat\u00e9gorie d\u2019action de formation.<\/p>\n<p>BCS a \u00e9t\u00e9 certifi\u00e9 ICPF et PSI au niveau Expert en Management et Relations commerciales.<\/p>\n\n\n<div class=\"wp-block-group\"><div class=\"wp-block-group__inner-container is-layout-constrained wp-block-group-is-layout-constrained\"><\/div><\/div>\n\n\n\n<div class=\"wp-block-columns is-layout-flex wp-container-core-columns-is-layout-1 wp-block-columns-is-layout-flex\">\n<div class=\"wp-block-column is-layout-flow wp-block-column-is-layout-flow\"><\/div>\n<\/div>\n","protected":false},"excerpt":{"rendered":"<p>\u00a0 \u00a0Business Consulting Services accompagne depuis 2006, les entreprises, leurs dirigeants, leurs managers et leurs \u00e9quipes, dans l\u2019\u00e9volution de leurs missions \u00e0 travers des actions de formations.\u00a0 \u00a0 \u00a0 Dans le cadre de l&rsquo;accompagnement au changement, nous travaillons sur les &hellip; <a href=\"http:\/\/bcs-conseils.com\/\">Continuer la lecture <span class=\"meta-nav\">&rarr;<\/span><\/a><\/p>\n","protected":false},"author":1,"featured_media":0,"parent":0,"menu_order":0,"comment_status":"closed","ping_status":"closed","template":"","meta":{"footnotes":""},"_links":{"self":[{"href":"http:\/\/bcs-conseils.com\/index.php\/wp-json\/wp\/v2\/pages\/9"}],"collection":[{"href":"http:\/\/bcs-conseils.com\/index.php\/wp-json\/wp\/v2\/pages"}],"about":[{"href":"http:\/\/bcs-conseils.com\/index.php\/wp-json\/wp\/v2\/types\/page"}],"author":[{"embeddable":true,"href":"http:\/\/bcs-conseils.com\/index.php\/wp-json\/wp\/v2\/users\/1"}],"replies":[{"embeddable":true,"href":"http:\/\/bcs-conseils.com\/index.php\/wp-json\/wp\/v2\/comments?post=9"}],"version-history":[{"count":29,"href":"http:\/\/bcs-conseils.com\/index.php\/wp-json\/wp\/v2\/pages\/9\/revisions"}],"predecessor-version":[{"id":326,"href":"http:\/\/bcs-conseils.com\/index.php\/wp-json\/wp\/v2\/pages\/9\/revisions\/326"}],"wp:attachment":[{"href":"http:\/\/bcs-conseils.com\/index.php\/wp-json\/wp\/v2\/media?parent=9"}],"curies":[{"name":"wp","href":"https:\/\/api.w.org\/{rel}","templated":true}]}}